{"id":2986,"date":"2024-04-15T01:52:53","date_gmt":"2024-04-14T23:52:53","guid":{"rendered":"https:\/\/kompaflex.lumexus.dev\/privacy-policy\/"},"modified":"2025-04-07T11:12:04","modified_gmt":"2025-04-07T09:12:04","slug":"privacy-policy","status":"publish","type":"page","link":"https:\/\/kompaflex.cz\/en\/privacy-policy\/","title":{"rendered":"Privacy policy"},"content":{"rendered":"\t\t<div data-elementor-type=\"wp-page\" data-elementor-id=\"2986\" class=\"elementor elementor-2986 elementor-1720\" data-elementor-post-type=\"page\">\n\t\t\t\t<div class=\"elementor-element elementor-element-dba7651 e-con-full e-flex e-con e-parent\" data-id=\"dba7651\" data-element_type=\"container\" data-e-type=\"container\" data-settings=\"{&quot;background_background&quot;:&quot;classic&quot;}\">\n\t\t<div class=\"elementor-element elementor-element-c87f797 e-con-full e-flex e-con e-child\" data-id=\"c87f797\" data-element_type=\"container\" data-e-type=\"container\" data-settings=\"{&quot;background_background&quot;:&quot;classic&quot;}\">\n\t\t\t\t<div class=\"elementor-element elementor-element-d01ec31 elementor-widget elementor-widget-heading\" data-id=\"d01ec31\" data-element_type=\"widget\" data-e-type=\"widget\" data-widget_type=\"heading.default\">\n\t\t\t\t<div class=\"elementor-widget-container\">\n\t\t\t\t\t<h2 class=\"elementor-heading-title elementor-size-default\">Privacy policy<\/h2>\t\t\t\t<\/div>\n\t\t\t\t<\/div>\n\t\t\t\t<\/div>\n\t\t<div class=\"elementor-element elementor-element-d5be5de e-con-full e-flex e-con e-child\" data-id=\"d5be5de\" data-element_type=\"container\" data-e-type=\"container\">\n\t\t\t\t<\/div>\n\t\t\t\t<\/div>\n\t\t<div class=\"elementor-element elementor-element-b2fd8f5 e-con-full e-flex e-con e-parent\" data-id=\"b2fd8f5\" data-element_type=\"container\" data-e-type=\"container\" data-settings=\"{&quot;background_background&quot;:&quot;classic&quot;}\">\n\t\t<div class=\"elementor-element elementor-element-c291879 e-con-full e-flex e-con e-child\" data-id=\"c291879\" data-element_type=\"container\" data-e-type=\"container\">\n\t\t\t\t<div class=\"elementor-element elementor-element-f7b8dc0 elementor-widget elementor-widget-text-editor\" data-id=\"f7b8dc0\" data-element_type=\"widget\" data-e-type=\"widget\" data-widget_type=\"text-editor.default\">\n\t\t\t\t<div class=\"elementor-widget-container\">\n\t\t\t\t\t\t\t\t\t<h2 data-start=\"101\" data-end=\"424\"><strong data-start=\"101\" data-end=\"120\">Privacy Policy<\/strong><\/h2><p class=\"\" data-start=\"101\" data-end=\"424\"><strong data-start=\"101\" data-end=\"120\">1. Introduction<\/strong><br data-start=\"120\" data-end=\"123\" \/>This document sets out the personal data protection policy of Kompaflex, s.r.o., with registered office at \u017di\u017ekova 1135, ID No.: 63271478, registered in the Commercial Register maintained by the Regional Court in \u010cesk\u00e9 Bud\u011bjovice, Section C., Insert 5341 (hereinafter referred to as the &#8220;Controller&#8221;).<\/p><p class=\"\" data-start=\"426\" data-end=\"536\">Your privacy is important to us and we are committed to protecting the personal information you provide to us.<\/p><ul data-start=\"538\" data-end=\"713\"><li class=\"\" data-start=\"538\" data-end=\"596\"><p class=\"\" data-start=\"540\" data-end=\"596\"><strong data-start=\"540\" data-end=\"567\">Correspondence address:<\/strong> \u017di\u017ekova 1135, 395 01 Pacov<\/p><\/li><li class=\"\" data-start=\"597\" data-end=\"628\"><p class=\"\" data-start=\"599\" data-end=\"628\"><strong data-start=\"599\" data-end=\"609\">Phone:<\/strong> +420 565 443 510<\/p><\/li><li class=\"\" data-start=\"629\" data-end=\"661\"><p class=\"\" data-start=\"631\" data-end=\"661\"><strong data-start=\"631\" data-end=\"641\">Email:<\/strong> <a class=\"cursor-pointer\" rel=\"noopener\" data-start=\"642\" data-end=\"659\">info@kompaflex.cz<\/a><\/p><\/li><li class=\"\" data-start=\"662\" data-end=\"713\"><p class=\"\" data-start=\"664\" data-end=\"713\"><strong data-start=\"664\" data-end=\"687\">Protection Officer:<\/strong> z.sou\u010d<a class=\"cursor-pointer\" rel=\"noopener\" data-start=\"694\" data-end=\"711\">kova@kompaflex.cz<\/a><\/p><\/li><\/ul><p class=\"\" data-start=\"715\" data-end=\"797\"><strong data-start=\"715\" data-end=\"755\">2. What personal data do we process?<\/strong><br data-start=\"755\" data-end=\"758\" \/>We process the following personal data:<\/p><ul data-start=\"799\" data-end=\"906\"><li class=\"\" data-start=\"799\" data-end=\"817\"><p class=\"\" data-start=\"801\" data-end=\"817\">Name and surname<\/p><\/li><li class=\"\" data-start=\"818\" data-end=\"833\"><p class=\"\" data-start=\"820\" data-end=\"833\">Email address<\/p><\/li><li class=\"\" data-start=\"834\" data-end=\"852\"><p class=\"\" data-start=\"836\" data-end=\"852\">Telephone number<\/p><\/li><li class=\"\" data-start=\"853\" data-end=\"883\"><p class=\"\" data-start=\"855\" data-end=\"883\">Billing and delivery address<\/p><\/li><li class=\"\" data-start=\"884\" data-end=\"896\"><p class=\"\" data-start=\"886\" data-end=\"896\">IP address<\/p><\/li><li class=\"\" data-start=\"897\" data-end=\"906\"><p class=\"\" data-start=\"899\" data-end=\"906\">Cookies<\/p><\/li><\/ul><p class=\"\" data-start=\"908\" data-end=\"978\"><strong data-start=\"908\" data-end=\"941\">3. Legal basis for processing<\/strong><br data-start=\"941\" data-end=\"944\" \/>We process personal data based on:<\/p><ul data-start=\"980\" data-end=\"1227\"><li class=\"\" data-start=\"980\" data-end=\"1037\"><p class=\"\" data-start=\"982\" data-end=\"1037\">Fulfillment of a contract (e.g., purchase in an e-shop)<\/p><\/li><li class=\"\" data-start=\"1038\" data-end=\"1104\"><p class=\"\" data-start=\"1040\" data-end=\"1104\">Consent of the data subject (e.g., subscription to a newsletter)<\/p><\/li><li class=\"\" data-start=\"1105\" data-end=\"1159\"><p class=\"\" data-start=\"1107\" data-end=\"1159\">Legitimate interest (e.g., marketing, web analytics)<\/p><\/li><li class=\"\" data-start=\"1160\" data-end=\"1227\"><p class=\"\" data-start=\"1162\" data-end=\"1227\">Fulfilling legal obligations (e.g., keeping accounting documents)<\/p><\/li><\/ul><p class=\"\" data-start=\"1229\" data-end=\"1288\"><strong data-start=\"1229\" data-end=\"1264\">4. How do we use personal data?<\/strong><br data-start=\"1264\" data-end=\"1267\" \/>We use your data for:<\/p><ul data-start=\"1290\" data-end=\"1434\"><li class=\"\" data-start=\"1290\" data-end=\"1330\"><p class=\"\" data-start=\"1292\" data-end=\"1330\">Order processing and service provision<\/p><\/li><li class=\"\" data-start=\"1331\" data-end=\"1361\"><p class=\"\" data-start=\"1333\" data-end=\"1361\">Communication with customers<\/p><\/li><li class=\"\" data-start=\"1362\" data-end=\"1410\"><p class=\"\" data-start=\"1364\" data-end=\"1410\">Marketing purposes (if you have given consent)<\/p><\/li><li class=\"\" data-start=\"1411\" data-end=\"1434\"><p class=\"\" data-start=\"1413\" data-end=\"1434\">Site traffic analysis<\/p><\/li><\/ul><p class=\"\" data-start=\"1436\" data-end=\"1507\"><strong data-start=\"1436\" data-end=\"1467\">5. Sharing of personal data<\/strong><br data-start=\"1467\" data-end=\"1470\" \/>We may share your personal data with:<\/p><ul data-start=\"1509\" data-end=\"1631\"><li class=\"\" data-start=\"1509\" data-end=\"1536\"><p class=\"\" data-start=\"1511\" data-end=\"1536\">Payment service providers<\/p><\/li><li class=\"\" data-start=\"1537\" data-end=\"1556\"><p class=\"\" data-start=\"1539\" data-end=\"1556\">Delivery services<\/p><\/li><li class=\"\" data-start=\"1557\" data-end=\"1598\"><p class=\"\" data-start=\"1559\" data-end=\"1598\">IT providers (e.g., hosting, analytics)<\/p><\/li><li class=\"\" data-start=\"1599\" data-end=\"1631\"><p class=\"\" data-start=\"1601\" data-end=\"1631\">Accountants and legal advisors<\/p><\/li><\/ul><p class=\"\" data-start=\"1633\" data-end=\"1699\"><strong data-start=\"1633\" data-end=\"1673\">6. Retention period of personal data<\/strong><br data-start=\"1673\" data-end=\"1676\" \/>We store personal data:<\/p><ul data-start=\"1701\" data-end=\"1889\"><li class=\"\" data-start=\"1701\" data-end=\"1751\"><p class=\"\" data-start=\"1703\" data-end=\"1751\">For the duration of the contractual relationship<\/p><\/li><li class=\"\" data-start=\"1752\" data-end=\"1827\"><p class=\"\" data-start=\"1754\" data-end=\"1827\">For the period specified by law (e.g., accounting documents for 10 years)<\/p><\/li><li class=\"\" data-start=\"1828\" data-end=\"1889\"><p class=\"\" data-start=\"1830\" data-end=\"1889\">Until withdrawal of consent (e.g., newsletter subscription)<\/p><\/li><\/ul><p class=\"\" data-start=\"1891\" data-end=\"1934\"><strong data-start=\"1891\" data-end=\"1909\">7. Your rights<\/strong><br data-start=\"1909\" data-end=\"1912\" \/>You have the right to:<\/p><ul data-start=\"1936\" data-end=\"2099\"><li class=\"\" data-start=\"1936\" data-end=\"1958\"><p class=\"\" data-start=\"1938\" data-end=\"1958\">Access personal data<\/p><\/li><li class=\"\" data-start=\"1959\" data-end=\"1983\"><p class=\"\" data-start=\"1961\" data-end=\"1983\">Correct or delete data<\/p><\/li><li class=\"\" data-start=\"1984\" data-end=\"2005\"><p class=\"\" data-start=\"1986\" data-end=\"2005\">Restrict processing<\/p><\/li><li class=\"\" data-start=\"2006\" data-end=\"2028\"><p class=\"\" data-start=\"2008\" data-end=\"2028\">Object to processing<\/p><\/li><li class=\"\" data-start=\"2029\" data-end=\"2099\"><p class=\"\" data-start=\"2031\" data-end=\"2099\">File a complaint with the OOO\u00da (Office for Personal Data Protection)<\/p><\/li><\/ul><p class=\"\" data-start=\"2101\" data-end=\"2197\"><strong data-start=\"2101\" data-end=\"2115\">8. Cookies<\/strong><br data-start=\"2115\" data-end=\"2118\" \/>Our website uses cookies. Please see the &#8220;Cookie settings&#8221; section for details.<\/p><p class=\"\" data-start=\"2199\" data-end=\"2319\"><strong data-start=\"2199\" data-end=\"2216\">9. Contact us<\/strong><br data-start=\"2216\" data-end=\"2219\" \/>If you have any questions about data protection, please contact us by email: <a class=\"\" href=\"mailto:z.souckova@kompaflex.cz\" rel=\"noopener\" data-start=\"2296\" data-end=\"2319\">z.souckova@kompaflex.cz<\/a><br \/><br \/><\/p><h2 data-start=\"2199\" data-end=\"2319\">Cookie Policy<\/h2><h3 class=\"\" data-start=\"105\" data-end=\"122\">Cookie Policy<\/h3><p class=\"\" data-start=\"124\" data-end=\"331\"><strong data-start=\"124\" data-end=\"148\">1. What are cookies?<\/strong><br data-start=\"148\" data-end=\"151\" \/>Cookies are small text files that are stored on your device when you visit a website. They help us to improve the functionality of the website and provide a better user experience.<\/p><p class=\"\" data-start=\"333\" data-end=\"374\"><strong data-start=\"333\" data-end=\"372\">2. What types of cookies do we use?<\/strong><\/p><ul data-start=\"376\" data-end=\"581\"><li class=\"\" data-start=\"376\" data-end=\"454\"><p class=\"\" data-start=\"378\" data-end=\"454\"><strong data-start=\"378\" data-end=\"399\">Essential cookies<\/strong> \u2013 necessary for the proper functioning of the website.<\/p><\/li><li class=\"\" data-start=\"455\" data-end=\"530\"><p class=\"\" data-start=\"457\" data-end=\"530\"><strong data-start=\"457\" data-end=\"479\">Analytical cookies<\/strong> \u2013 help us understand how visitors use our website.<\/p><\/li><li class=\"\" data-start=\"531\" data-end=\"581\"><p class=\"\" data-start=\"533\" data-end=\"581\"><strong data-start=\"533\" data-end=\"554\">Marketing cookies<\/strong> \u2013 used to personalize ads.<\/p><\/li><\/ul><p class=\"\" data-start=\"583\" data-end=\"693\"><strong data-start=\"583\" data-end=\"617\">3. How can you manage cookies?<\/strong><br data-start=\"617\" data-end=\"620\" \/>You can manage them in your browser or refuse them via our cookie banner.<\/p><hr class=\"\" data-start=\"695\" data-end=\"698\" \/><h3 class=\"\" data-start=\"700\" data-end=\"724\">Terms and Conditions<\/h3><p class=\"\" data-start=\"726\" data-end=\"897\"><strong data-start=\"726\" data-end=\"756\">1. Introductory Provisions<\/strong><br data-start=\"756\" data-end=\"759\" \/>These terms and conditions regulate the rights and obligations between Kompaflex, s.r.o., and customers when purchasing products\/services.<\/p><p class=\"\" data-start=\"899\" data-end=\"937\"><strong data-start=\"899\" data-end=\"935\">2. Order and contract conclusion<\/strong><\/p><ul data-start=\"939\" data-end=\"1077\"><li class=\"\" data-start=\"939\" data-end=\"1015\"><p class=\"\" data-start=\"941\" data-end=\"1015\">The purchase contract is formed by sending the order and its confirmation.<\/p><\/li><li class=\"\" data-start=\"1016\" data-end=\"1077\"><p class=\"\" data-start=\"1018\" data-end=\"1077\">The customer is obliged to provide the correct information.<\/p><\/li><\/ul><p class=\"\" data-start=\"1079\" data-end=\"1101\"><strong data-start=\"1079\" data-end=\"1099\">3. Payment terms<\/strong><\/p><ul data-start=\"1103\" data-end=\"1194\"><li class=\"\" data-start=\"1103\" data-end=\"1194\"><p class=\"\" data-start=\"1105\" data-end=\"1194\">We accept payment by bank transfer, credit card, and other methods listed on the website.<\/p><\/li><\/ul><p class=\"\" data-start=\"1196\" data-end=\"1224\"><strong data-start=\"1196\" data-end=\"1222\">4. Delivery conditions<\/strong><\/p><ul data-start=\"1226\" data-end=\"1279\"><li class=\"\" data-start=\"1226\" data-end=\"1279\"><p class=\"\" data-start=\"1228\" data-end=\"1279\">We ship the goods within the contractual deadlines.<\/p><\/li><\/ul><p class=\"\" data-start=\"1281\" data-end=\"1312\"><strong data-start=\"1281\" data-end=\"1310\">5. Complaints and returns<\/strong><\/p><ul data-start=\"1314\" data-end=\"1355\"><li class=\"\" data-start=\"1314\" data-end=\"1355\"><p class=\"\" data-start=\"1316\" data-end=\"1355\">Claims are governed by applicable laws.<\/p><\/li><\/ul><p class=\"\" data-start=\"1357\" data-end=\"1390\"><strong data-start=\"1357\" data-end=\"1388\">6. Personal data protection<\/strong><\/p><ul data-start=\"1392\" data-end=\"1427\"><li class=\"\" data-start=\"1392\" data-end=\"1427\"><p class=\"\" data-start=\"1394\" data-end=\"1427\">See the section &#8220;Privacy Policy&#8221;.<\/p><\/li><\/ul><p class=\"\" data-start=\"1429\" data-end=\"1454\"><strong data-start=\"1429\" data-end=\"1452\">7. Final provisions<\/strong><\/p><ul data-start=\"1456\" data-end=\"1519\"><li class=\"\" data-start=\"1456\" data-end=\"1519\"><p class=\"\" data-start=\"1458\" data-end=\"1519\">These terms and conditions shall take effect on 1 April 2025.<\/p><\/li><\/ul>\t\t\t\t\t\t\t\t<\/div>\n\t\t\t\t<\/div>\n\t\t\t\t<\/div>\n\t\t\t\t<\/div>\n\t\t<div class=\"elementor-element elementor-element-f8f04e9 e-con-full e-flex e-con e-parent\" data-id=\"f8f04e9\" data-element_type=\"container\" data-e-type=\"container\">\n\t\t\t\t<div class=\"elementor-element elementor-element-97b139c elementor-widget elementor-widget-text-editor\" data-id=\"97b139c\" data-element_type=\"widget\" data-e-type=\"widget\" data-widget_type=\"text-editor.default\">\n\t\t\t\t<div class=\"elementor-widget-container\">\n\t\t\t\t\t\t\t\t\t\t\t<div data-elementor-type=\"single-page\" data-elementor-id=\"3022\" class=\"elementor elementor-3022 elementor-130 elementor-130\" data-elementor-post-type=\"elementor_library\">\n\t\t\t<div class=\"elementor-element elementor-element-b8f4efc e-con-full e-flex e-con e-parent\" data-id=\"b8f4efc\" data-element_type=\"container\" data-e-type=\"container\">\n\t\t<div class=\"elementor-element elementor-element-e966dd9 e-con-full e-flex e-con e-child\" data-id=\"e966dd9\" data-element_type=\"container\" data-e-type=\"container\" data-settings=\"{&quot;background_background&quot;:&quot;classic&quot;}\">\n\t\t<div class=\"elementor-element elementor-element-6000416 e-con-full e-flex e-con e-child\" data-id=\"6000416\" data-element_type=\"container\" data-e-type=\"container\" data-settings=\"{&quot;background_background&quot;:&quot;classic&quot;}\">\n\t\t\t\t<div class=\"elementor-element elementor-element-ba05c7a elementor-widget elementor-widget-heading\" data-id=\"ba05c7a\" data-element_type=\"widget\" data-e-type=\"widget\" data-widget_type=\"heading.default\">\n\t\t\t\t<div class=\"elementor-widget-container\">\n\t\t\t\t\t<h2 class=\"elementor-heading-title elementor-size-default\">Our technical specialists will be happy to assist you personally.<\/h2>\t\t\t\t<\/div>\n\t\t\t\t<\/div>\n\t\t\t\t<div class=\"elementor-element elementor-element-25667e6 elementor-widget elementor-widget-heading\" data-id=\"25667e6\" data-element_type=\"widget\" data-e-type=\"widget\" data-widget_type=\"heading.default\">\n\t\t\t\t<div class=\"elementor-widget-container\">\n\t\t\t\t\t<h2 class=\"elementor-heading-title elementor-size-default\">Do you have any questions?<\/h2>\t\t\t\t<\/div>\n\t\t\t\t<\/div>\n\t\t\t\t<div class=\"elementor-element elementor-element-d98a114 elementor-widget elementor-widget-button\" data-id=\"d98a114\" data-element_type=\"widget\" data-e-type=\"widget\" data-widget_type=\"button.default\">\n\t\t\t\t<div class=\"elementor-widget-container\">\n\t\t\t\t\t\t\t\t\t<div class=\"elementor-button-wrapper\">\n\t\t\t\t\t<a class=\"elementor-button elementor-button-link elementor-size-lg\" href=\"https:\/\/kompaflex.cz\/\/en\/contact\/\">\n\t\t\t\t\t\t<span class=\"elementor-button-content-wrapper\">\n\t\t\t\t\t\t\t\t\t<span class=\"elementor-button-text\">Get in touch with us<\/span>\n\t\t\t\t\t<\/span>\n\t\t\t\t\t<\/a>\n\t\t\t\t<\/div>\n\t\t\t\t\t\t\t\t<\/div>\n\t\t\t\t<\/div>\n\t\t\t\t<\/div>\n\t\t<div class=\"elementor-element elementor-element-c514599 e-con-full e-flex e-con e-child\" data-id=\"c514599\" data-element_type=\"container\" data-e-type=\"container\">\n\t\t\t\t<\/div>\n\t\t\t\t<\/div>\n\t\t\t\t<\/div>\n\t\t\t\t<\/div>\n\t\t\n\t\t\t\t\t\t\t\t<\/div>\n\t\t\t\t<\/div>\n\t\t\t\t<\/div>\n\t\t\t\t<\/div>\n\t\t","protected":false},"excerpt":{"rendered":"<p>Privacy policy Privacy Policy 1. IntroductionThis document sets out the personal data protection policy of Kompaflex, s.r.o., with registered office at \u017di\u017ekova 1135, ID No.: 63271478, registered in the Commercial Register maintained by the Regional Court in \u010cesk\u00e9 Bud\u011bjovice, Section C., Insert 5341 (hereinafter referred to as the &#8220;Controller&#8221;). Your privacy is important to us [&hellip;]<\/p>\n","protected":false},"author":1,"featured_media":0,"parent":0,"menu_order":0,"comment_status":"closed","ping_status":"closed","template":"","meta":{"_acf_changed":false,"footnotes":""},"class_list":["post-2986","page","type-page","status-publish","hentry"],"acf":[],"_links":{"self":[{"href":"https:\/\/kompaflex.cz\/en\/wp-json\/wp\/v2\/pages\/2986","targetHints":{"allow":["GET"]}}],"collection":[{"href":"https:\/\/kompaflex.cz\/en\/wp-json\/wp\/v2\/pages"}],"about":[{"href":"https:\/\/kompaflex.cz\/en\/wp-json\/wp\/v2\/types\/page"}],"author":[{"embeddable":true,"href":"https:\/\/kompaflex.cz\/en\/wp-json\/wp\/v2\/users\/1"}],"replies":[{"embeddable":true,"href":"https:\/\/kompaflex.cz\/en\/wp-json\/wp\/v2\/comments?post=2986"}],"version-history":[{"count":12,"href":"https:\/\/kompaflex.cz\/en\/wp-json\/wp\/v2\/pages\/2986\/revisions"}],"predecessor-version":[{"id":5648,"href":"https:\/\/kompaflex.cz\/en\/wp-json\/wp\/v2\/pages\/2986\/revisions\/5648"}],"wp:attachment":[{"href":"https:\/\/kompaflex.cz\/en\/wp-json\/wp\/v2\/media?parent=2986"}],"curies":[{"name":"wp","href":"https:\/\/api.w.org\/{rel}","templated":true}]}}